{"id":83,"date":"2024-12-27T14:45:48","date_gmt":"2024-12-27T13:45:48","guid":{"rendered":"http:\/\/www.technocrea.fr\/?page_id=83"},"modified":"2024-12-27T15:11:03","modified_gmt":"2024-12-27T14:11:03","slug":"cgu","status":"publish","type":"page","link":"https:\/\/www.technocrea.fr\/index.php\/cgu\/","title":{"rendered":"CGU"},"content":{"rendered":"\n<h2 class=\"wp-block-heading\">Conditions G\u00e9n\u00e9rales d&rsquo;Utilisation<\/h2>\n\n\n\n<h3 class=\"wp-block-heading\">1. Objet<\/h3>\n\n\n\n<p>Les pr\u00e9sentes Conditions G\u00e9n\u00e9rales d&rsquo;Utilisation (CGU) ont pour objet de d\u00e9finir les modalit\u00e9s d&rsquo;utilisation du site <a href=\"http:\/\/www.technocrea.fr\">http:\/\/www.technocrea.fr<\/a>, accessible \u00e0 l&rsquo;adresse <a href=\"http:\/\/www.technocrea.fr\/index.php\/cgu\/\">http:\/\/www.technocrea.fr\/index.php\/cgu\/<\/a>. En acc\u00e9dant \u00e0 ce site, vous acceptez sans r\u00e9serve ces CGU.<\/p>\n\n\n\n<h3 class=\"wp-block-heading\">2. Mentions l\u00e9gales<\/h3>\n\n\n\n<p>Technocr\u00e9a, SASU, au capital de 1000 euros<br>Si\u00e8ge social : 50 route de la Chudais, 44260, Prinquiau<br>RCS [ville] [num\u00e9ro] <strong>EN COURS<\/strong><br>N\u00b0 TVA intracommunautaire : [num\u00e9ro] <strong>EN COURS<\/strong><br>Directeur de la publication : RIOUAL Gabriel<br>H\u00e9bergeur du site : OVH<\/p>\n\n\n\n<h3 class=\"wp-block-heading\">3. Propri\u00e9t\u00e9 intellectuelle<\/h3>\n\n\n\n<p>Tout le contenu du site (textes, images, vid\u00e9os, etc.) est prot\u00e9g\u00e9 par les lois relatives \u00e0 la propri\u00e9t\u00e9 intellectuelle. Toute reproduction ou utilisation non autoris\u00e9e est strictement interdite.<\/p>\n\n\n\n<h3 class=\"wp-block-heading\">4. Utilisation du site<\/h3>\n\n\n\n<p>Vous vous engagez \u00e0 utiliser le site conform\u00e9ment aux lois en vigueur et \u00e0 ces CGU. Toute utilisation abusive ou ill\u00e9gale du site est interdite.<\/p>\n\n\n\n<h3 class=\"wp-block-heading\">5. Responsabilit\u00e9<\/h3>\n\n\n\n<p>Nous nous effor\u00e7ons de fournir des informations exactes et \u00e0 jour, mais nous ne pouvons garantir l&rsquo;exhaustivit\u00e9 ou la pertinence du contenu du site. Notre responsabilit\u00e9 ne saurait \u00eatre engag\u00e9e en cas d&rsquo;erreur ou d&rsquo;omission<a href=\"https:\/\/www.lecoindesentrepreneurs.fr\/conditions-generales-dutilisation-site-internet\/\" target=\"_blank\" rel=\"noreferrer noopener\"><\/a>.<\/p>\n\n\n\n<h3 class=\"wp-block-heading\">6. Protection des donn\u00e9es personnelles<\/h3>\n\n\n\n<p>Nous nous engageons \u00e0 prot\u00e9ger vos donn\u00e9es personnelles conform\u00e9ment au R\u00e8glement G\u00e9n\u00e9ral sur la Protection des Donn\u00e9es (RGPD). Pour plus d&rsquo;informations, veuillez consulter notre Politique de Confidentialit\u00e9.<\/p>\n\n\n\n<h3 class=\"wp-block-heading\">7. Liens hypertextes<\/h3>\n\n\n\n<p>Le site peut contenir des liens vers des sites tiers. Nous n&rsquo;exer\u00e7ons aucun contr\u00f4le sur ces sites et d\u00e9clinons toute responsabilit\u00e9 quant \u00e0 leur contenu.<\/p>\n\n\n\n<h3 class=\"wp-block-heading\">8. Modification des CGU<\/h3>\n\n\n\n<p>Nous nous r\u00e9servons le droit de modifier ces CGU \u00e0 tout moment. Les modifications prendront effet d\u00e8s leur publication sur le site<a href=\"https:\/\/www.captaincontrat.com\/contrats-commerciaux-cgv\/cgv-cgu-cga\/cgu-conditions-generales-utilisation\" target=\"_blank\" rel=\"noreferrer noopener\"><\/a>.<\/p>\n\n\n\n<h3 class=\"wp-block-heading\">9. Droit applicable et juridiction comp\u00e9tente<\/h3>\n\n\n\n<p>Les pr\u00e9sentes CGU sont soumises au droit fran\u00e7ais. En cas de litige, les tribunaux fran\u00e7ais seront seuls comp\u00e9tents<\/p>\n","protected":false},"excerpt":{"rendered":"<p>Conditions G\u00e9n\u00e9rales d&rsquo;Utilisation 1. Objet Les pr\u00e9sentes Conditions G\u00e9n\u00e9rales d&rsquo;Utilisation (CGU) ont pour objet de d\u00e9finir les modalit\u00e9s d&rsquo;utilisation du site http:\/\/www.technocrea.fr, accessible \u00e0 l&rsquo;adresse http:\/\/www.technocrea.fr\/index.php\/cgu\/. En acc\u00e9dant \u00e0 ce site, vous acceptez sans r\u00e9serve ces CGU. 2. Mentions l\u00e9gales Technocr\u00e9a, SASU, au capital de 1000 eurosSi\u00e8ge social : 50 route de la Chudais, 44260, [&hellip;]<\/p>\n","protected":false},"author":1,"featured_media":0,"parent":0,"menu_order":0,"comment_status":"closed","ping_status":"closed","template":"","meta":{"footnotes":""},"class_list":["post-83","page","type-page","status-publish","hentry"],"_links":{"self":[{"href":"https:\/\/www.technocrea.fr\/index.php\/wp-json\/wp\/v2\/pages\/83","targetHints":{"allow":["GET"]}}],"collection":[{"href":"https:\/\/www.technocrea.fr\/index.php\/wp-json\/wp\/v2\/pages"}],"about":[{"href":"https:\/\/www.technocrea.fr\/index.php\/wp-json\/wp\/v2\/types\/page"}],"author":[{"embeddable":true,"href":"https:\/\/www.technocrea.fr\/index.php\/wp-json\/wp\/v2\/users\/1"}],"replies":[{"embeddable":true,"href":"https:\/\/www.technocrea.fr\/index.php\/wp-json\/wp\/v2\/comments?post=83"}],"version-history":[{"count":6,"href":"https:\/\/www.technocrea.fr\/index.php\/wp-json\/wp\/v2\/pages\/83\/revisions"}],"predecessor-version":[{"id":102,"href":"https:\/\/www.technocrea.fr\/index.php\/wp-json\/wp\/v2\/pages\/83\/revisions\/102"}],"wp:attachment":[{"href":"https:\/\/www.technocrea.fr\/index.php\/wp-json\/wp\/v2\/media?parent=83"}],"curies":[{"name":"wp","href":"https:\/\/api.w.org\/{rel}","templated":true}]}}