{"id":8,"date":"2024-12-24T16:35:37","date_gmt":"2024-12-24T15:35:37","guid":{"rendered":"http:\/\/jbiumgs.cluster027.hosting.ovh.net\/?page_id=8"},"modified":"2025-07-29T13:04:30","modified_gmt":"2025-07-29T11:04:30","slug":"a-propos","status":"publish","type":"page","link":"https:\/\/www.technocrea.fr\/index.php\/a-propos\/","title":{"rendered":"A propos"},"content":{"rendered":"\n<h2 class=\"wp-block-heading\"><strong>Pourquoi?<\/strong><\/h2>\n\n\n\n<p>Comment est n\u00e9 l&rsquo;id\u00e9e de cr\u00e9er <strong>Technocr\u00e9a<\/strong>?<\/p>\n\n\n\n<p>En partant du principe que tout le monde, un jour, a eu une id\u00e9e en se disant \u201cET SI\u201d<\/p>\n\n\n\n<ul class=\"wp-block-list\">\n<li>Et si c&rsquo;\u00e9tait r\u00e9alisable?<\/li>\n\n\n\n<li>Et si je savais par o\u00f9 commencer?<\/li>\n\n\n\n<li>Et si j\u2019avais cette comp\u00e9tence?<\/li>\n<\/ul>\n\n\n\n<p>Combien n\u2019ont pas d\u00e9pass\u00e9 le stade d\u2019id\u00e9e car il n\u2019avait pas de r\u00e9ponse \u00e0 ses questions \/ craintes?<\/p>\n\n\n\n<p>D&rsquo;o\u00f9 la volont\u00e9 de cr\u00e9er <strong>Technocr\u00e9a <\/strong>pour r\u00e9pondre \u00e0 ces questions et vous guider tout au long de votre projet.<\/p>\n\n\n\n<ul class=\"wp-block-list\">\n<li>Est-ce faisable?<\/li>\n\n\n\n<li>De quoi y a t\u2019il besoin?<\/li>\n\n\n\n<li>Quel est la meilleur solution?<\/li>\n\n\n\n<li>Comment fabriquer?<\/li>\n<\/ul>\n\n\n\n<div style=\"height:20px\" aria-hidden=\"true\" class=\"wp-block-spacer\"><\/div>\n\n\n\n<div class=\"wp-block-buttons is-content-justification-center is-layout-flex wp-container-core-buttons-is-layout-a89b3969 wp-block-buttons-is-layout-flex\">\n<div class=\"wp-block-button is-style-outline is-style-outline--1\"><a class=\"wp-block-button__link has-gradient-3-gradient-background has-background wp-element-button\" href=\"http:\/\/www.technocrea.fr\/index.php\/contact\/\">Contactez-nous<\/a><\/div>\n<\/div>\n\n\n\n<div style=\"height:20px\" aria-hidden=\"true\" class=\"wp-block-spacer\"><\/div>\n\n\n\n<h2 class=\"wp-block-heading\">L&rsquo;\u00e9quipe<\/h2>\n\n\n\n<div class=\"wp-block-columns is-layout-flex wp-container-core-columns-is-layout-28f84493 wp-block-columns-is-layout-flex\">\n<div class=\"wp-block-column is-layout-flow wp-block-column-is-layout-flow\">\n<p><\/p>\n\n\n\n<p><\/p>\n\n\n\n<p class=\"has-text-align-center\"><strong>Gabriel RIOUAL<\/strong><\/p>\n<\/div>\n\n\n\n<div class=\"wp-block-column is-layout-flow wp-block-column-is-layout-flow\">\n<figure class=\"wp-block-image size-full is-resized\"><img loading=\"lazy\" decoding=\"async\" width=\"400\" height=\"400\" src=\"http:\/\/www.technocrea.fr\/wp-content\/uploads\/2025\/07\/Gabriel-RIOUAL.png\" alt=\"\" class=\"wp-image-132\" style=\"width:137px;height:auto\" srcset=\"https:\/\/www.technocrea.fr\/wp-content\/uploads\/2025\/07\/Gabriel-RIOUAL.png 400w, https:\/\/www.technocrea.fr\/wp-content\/uploads\/2025\/07\/Gabriel-RIOUAL-300x300.png 300w, https:\/\/www.technocrea.fr\/wp-content\/uploads\/2025\/07\/Gabriel-RIOUAL-150x150.png 150w\" sizes=\"auto, (max-width: 400px) 100vw, 400px\" \/><\/figure>\n<\/div>\n<\/div>\n\n\n\n<p>Passionn\u00e9 de technologie depuis toujours, j&rsquo;ai une vingtaine d&rsquo;ann\u00e9es d&rsquo;exp\u00e9rience en industrie.<\/p>\n\n\n\n<p>Mes 3 domaines de comp\u00e9tences techniques sont: l&rsquo;\u00e9lectronique, la m\u00e9canique et l&rsquo;automatisme industriel.<\/p>\n\n\n\n<p>De la conception au produit fini, j&rsquo;accompagne, je d\u00e9fini le besoin, con\u00e7ois et fabrique les POC et Prototype pour finir sur une industrialisation.<\/p>\n\n\n\n<p>Tout au long de ma carri\u00e8re j&rsquo;ai eu cette volont\u00e9 de faciliter la \u00ab\u00a0vie technique\u00a0\u00bb des personnes avec qui je travaille.<\/p>\n\n\n\n<p><\/p>\n","protected":false},"excerpt":{"rendered":"<p>Pourquoi? Comment est n\u00e9 l&rsquo;id\u00e9e de cr\u00e9er Technocr\u00e9a? En partant du principe que tout le monde, un jour, a eu une id\u00e9e en se disant \u201cET SI\u201d Combien n\u2019ont pas d\u00e9pass\u00e9 le stade d\u2019id\u00e9e car il n\u2019avait pas de r\u00e9ponse \u00e0 ses questions \/ craintes? D&rsquo;o\u00f9 la volont\u00e9 de cr\u00e9er Technocr\u00e9a pour r\u00e9pondre \u00e0 ces [&hellip;]<\/p>\n","protected":false},"author":1,"featured_media":0,"parent":0,"menu_order":0,"comment_status":"closed","ping_status":"closed","template":"","meta":{"footnotes":""},"class_list":["post-8","page","type-page","status-publish","hentry"],"_links":{"self":[{"href":"https:\/\/www.technocrea.fr\/index.php\/wp-json\/wp\/v2\/pages\/8","targetHints":{"allow":["GET"]}}],"collection":[{"href":"https:\/\/www.technocrea.fr\/index.php\/wp-json\/wp\/v2\/pages"}],"about":[{"href":"https:\/\/www.technocrea.fr\/index.php\/wp-json\/wp\/v2\/types\/page"}],"author":[{"embeddable":true,"href":"https:\/\/www.technocrea.fr\/index.php\/wp-json\/wp\/v2\/users\/1"}],"replies":[{"embeddable":true,"href":"https:\/\/www.technocrea.fr\/index.php\/wp-json\/wp\/v2\/comments?post=8"}],"version-history":[{"count":9,"href":"https:\/\/www.technocrea.fr\/index.php\/wp-json\/wp\/v2\/pages\/8\/revisions"}],"predecessor-version":[{"id":133,"href":"https:\/\/www.technocrea.fr\/index.php\/wp-json\/wp\/v2\/pages\/8\/revisions\/133"}],"wp:attachment":[{"href":"https:\/\/www.technocrea.fr\/index.php\/wp-json\/wp\/v2\/media?parent=8"}],"curies":[{"name":"wp","href":"https:\/\/api.w.org\/{rel}","templated":true}]}}