{"id":6,"date":"2024-12-24T17:44:49","date_gmt":"2024-12-24T16:44:49","guid":{"rendered":"http:\/\/jbiumgs.cluster027.hosting.ovh.net\/?page_id=6"},"modified":"2024-12-27T15:14:27","modified_gmt":"2024-12-27T14:14:27","slug":"services","status":"publish","type":"page","link":"https:\/\/www.technocrea.fr\/index.php\/services\/","title":{"rendered":"Services"},"content":{"rendered":"\n<p class=\"has-text-align-center\"><strong>Technocr\u00e9a propose un accompagnement sur mesure pour tous vos projets technologiques.<\/strong><\/p>\n\n\n\n<p class=\"has-text-align-center\"><strong>Nous vous offrons une expertise compl\u00e8te dans les domaines de l&rsquo;\u00e9lectronique, de la m\u00e9canique et de l&rsquo;automatisme industriel.<\/strong><\/p>\n\n\n\n<p class=\"has-text-align-center\"><strong>Parce que chaque besoin est diff\u00e9rent, nous vous accompagnons sur tout le projet ou seulement une partie<\/strong><\/p>\n\n\n\n<div style=\"height:20px\" aria-hidden=\"true\" class=\"wp-block-spacer\"><\/div>\n\n\n\n<div class=\"wp-block-buttons is-content-justification-center is-layout-flex wp-container-core-buttons-is-layout-a89b3969 wp-block-buttons-is-layout-flex\">\n<div class=\"wp-block-button is-style-outline is-style-outline--1\"><a class=\"wp-block-button__link has-contrast-color has-gradient-3-gradient-background has-text-color has-background has-link-color wp-element-button\" href=\"http:\/\/www.technocrea.fr\/index.php\/contact\/\">Contactez-nous<\/a><\/div>\n<\/div>\n\n\n\n<div style=\"height:20px\" aria-hidden=\"true\" class=\"wp-block-spacer\"><\/div>\n\n\n\n<div class=\"wp-block-columns is-layout-flex wp-container-core-columns-is-layout-28f84493 wp-block-columns-is-layout-flex\">\n<div class=\"wp-block-column is-layout-flow wp-block-column-is-layout-flow\" style=\"flex-basis:66.66%\">\n<h3 class=\"wp-block-heading\"><strong>Accompagnement<\/strong><\/h3>\n\n\n\n<ul class=\"wp-block-list\">\n<li>Accompagnement au d\u00e9veloppement de vos id\u00e9es<\/li>\n\n\n\n<li>Analyse des besoins et cahier des charges<\/li>\n\n\n\n<li>\u00c9tudes de faisabilit\u00e9<\/li>\n\n\n\n<li>Planification et suivi de projet<\/li>\n\n\n\n<li>Mise en service et formation des utilisateurs<\/li>\n\n\n\n<li>Audit de syst\u00e8mes existants<\/li>\n\n\n\n<li>R\u00e9trofit d&rsquo;\u00e9quipements industriels<\/li>\n<\/ul>\n<\/div>\n\n\n\n<div class=\"wp-block-column is-layout-flow wp-block-column-is-layout-flow\" style=\"flex-basis:40%\">\n<figure class=\"wp-block-image size-large\" style=\"margin-top:var(--wp--preset--spacing--40);margin-right:0;margin-bottom:var(--wp--preset--spacing--40);margin-left:0\"><img loading=\"lazy\" decoding=\"async\" width=\"1024\" height=\"683\" src=\"http:\/\/www.technocrea.fr\/wp-content\/uploads\/2024\/12\/pexels-markus-winkler-1430818-19825314-1024x683.jpg\" alt=\"\" class=\"wp-image-23\" srcset=\"https:\/\/www.technocrea.fr\/wp-content\/uploads\/2024\/12\/pexels-markus-winkler-1430818-19825314-1024x683.jpg 1024w, https:\/\/www.technocrea.fr\/wp-content\/uploads\/2024\/12\/pexels-markus-winkler-1430818-19825314-300x200.jpg 300w, https:\/\/www.technocrea.fr\/wp-content\/uploads\/2024\/12\/pexels-markus-winkler-1430818-19825314-768x512.jpg 768w, https:\/\/www.technocrea.fr\/wp-content\/uploads\/2024\/12\/pexels-markus-winkler-1430818-19825314-1536x1024.jpg 1536w, https:\/\/www.technocrea.fr\/wp-content\/uploads\/2024\/12\/pexels-markus-winkler-1430818-19825314-2048x1366.jpg 2048w\" sizes=\"auto, (max-width: 1024px) 100vw, 1024px\" \/><\/figure>\n<\/div>\n<\/div>\n\n\n\n<div style=\"height:20px\" aria-hidden=\"true\" class=\"wp-block-spacer\"><\/div>\n\n\n\n<div class=\"wp-block-columns is-layout-flex wp-container-core-columns-is-layout-28f84493 wp-block-columns-is-layout-flex\">\n<div class=\"wp-block-column is-layout-flow wp-block-column-is-layout-flow\" style=\"padding-top:var(--wp--preset--spacing--30);padding-bottom:var(--wp--preset--spacing--30);flex-basis:40%\">\n<figure class=\"wp-block-image size-full\" style=\"margin-top:var(--wp--preset--spacing--30);margin-bottom:var(--wp--preset--spacing--30)\"><img decoding=\"async\" src=\"http:\/\/www.technocrea.fr\/wp-content\/uploads\/2024\/12\/pexels-thisisengineering-3912367.jpg\" alt=\"\" class=\"wp-image-25\"\/><\/figure>\n<\/div>\n\n\n\n<div class=\"wp-block-column is-layout-flow wp-block-column-is-layout-flow\" style=\"flex-basis:66.66%\">\n<h3 class=\"wp-block-heading\"><strong>D\u00e9veloppement<\/strong><\/h3>\n\n\n\n<ul class=\"wp-block-list\">\n<li>Conception de syst\u00e8mes \u00e9lectroniques embarqu\u00e9s<\/li>\n\n\n\n<li>D\u00e9veloppement de cartes \u00e9lectroniques<\/li>\n\n\n\n<li>Programmation de microcontr\u00f4leurs<\/li>\n\n\n\n<li>Conception et mod\u00e9lisation 3D<\/li>\n\n\n\n<li>Programmation d&rsquo;automates industriels<\/li>\n\n\n\n<li>Conception de syst\u00e8mes de supervision (IHM)<\/li>\n<\/ul>\n<\/div>\n<\/div>\n\n\n\n<div style=\"height:20px\" aria-hidden=\"true\" class=\"wp-block-spacer\"><\/div>\n\n\n\n<div class=\"wp-block-columns is-layout-flex wp-container-core-columns-is-layout-28f84493 wp-block-columns-is-layout-flex\">\n<div class=\"wp-block-column is-layout-flow wp-block-column-is-layout-flow\" style=\"flex-basis:60%\">\n<h3 class=\"wp-block-heading\"><strong>Fabrication<\/strong><\/h3>\n\n\n\n<ul class=\"wp-block-list\">\n<li>Prototypage rapide<\/li>\n<\/ul>\n\n\n\n<ul class=\"wp-block-list\">\n<li>Petite et moyen s\u00e9ries<\/li>\n<\/ul>\n<\/div>\n\n\n\n<div class=\"wp-block-column is-layout-flow wp-block-column-is-layout-flow\" style=\"flex-basis:33.33%\">\n<figure class=\"wp-block-image size-large is-resized\"><img loading=\"lazy\" decoding=\"async\" width=\"683\" height=\"1024\" src=\"http:\/\/www.technocrea.fr\/wp-content\/uploads\/2024\/12\/pexels-cottonbro-4705603-683x1024.jpg\" alt=\"\" class=\"wp-image-22\" style=\"width:146px;height:auto\" srcset=\"https:\/\/www.technocrea.fr\/wp-content\/uploads\/2024\/12\/pexels-cottonbro-4705603-683x1024.jpg 683w, https:\/\/www.technocrea.fr\/wp-content\/uploads\/2024\/12\/pexels-cottonbro-4705603-200x300.jpg 200w, https:\/\/www.technocrea.fr\/wp-content\/uploads\/2024\/12\/pexels-cottonbro-4705603-768x1152.jpg 768w, https:\/\/www.technocrea.fr\/wp-content\/uploads\/2024\/12\/pexels-cottonbro-4705603-1024x1536.jpg 1024w, https:\/\/www.technocrea.fr\/wp-content\/uploads\/2024\/12\/pexels-cottonbro-4705603-1365x2048.jpg 1365w, https:\/\/www.technocrea.fr\/wp-content\/uploads\/2024\/12\/pexels-cottonbro-4705603-scaled.jpg 1706w\" sizes=\"auto, (max-width: 683px) 100vw, 683px\" \/><\/figure>\n<\/div>\n<\/div>\n\n\n\n<div style=\"height:20px\" aria-hidden=\"true\" class=\"wp-block-spacer\"><\/div>\n\n\n\n<div class=\"wp-block-buttons is-content-justification-center is-layout-flex wp-container-core-buttons-is-layout-a89b3969 wp-block-buttons-is-layout-flex\">\n<div class=\"wp-block-button is-style-outline is-style-outline--2\"><a class=\"wp-block-button__link has-contrast-color has-gradient-3-gradient-background has-text-color has-background has-link-color wp-element-button\" href=\"http:\/\/www.technocrea.fr\/index.php\/contact\/\">Contactez-nous<\/a><\/div>\n<\/div>\n\n\n\n<p><\/p>\n","protected":false},"excerpt":{"rendered":"<p>Technocr\u00e9a propose un accompagnement sur mesure pour tous vos projets technologiques. Nous vous offrons une expertise compl\u00e8te dans les domaines de l&rsquo;\u00e9lectronique, de la m\u00e9canique et de l&rsquo;automatisme industriel. Parce que chaque besoin est diff\u00e9rent, nous vous accompagnons sur tout le projet ou seulement une partie Accompagnement D\u00e9veloppement Fabrication<\/p>\n","protected":false},"author":1,"featured_media":0,"parent":0,"menu_order":0,"comment_status":"closed","ping_status":"closed","template":"","meta":{"footnotes":""},"class_list":["post-6","page","type-page","status-publish","hentry"],"_links":{"self":[{"href":"https:\/\/www.technocrea.fr\/index.php\/wp-json\/wp\/v2\/pages\/6","targetHints":{"allow":["GET"]}}],"collection":[{"href":"https:\/\/www.technocrea.fr\/index.php\/wp-json\/wp\/v2\/pages"}],"about":[{"href":"https:\/\/www.technocrea.fr\/index.php\/wp-json\/wp\/v2\/types\/page"}],"author":[{"embeddable":true,"href":"https:\/\/www.technocrea.fr\/index.php\/wp-json\/wp\/v2\/users\/1"}],"replies":[{"embeddable":true,"href":"https:\/\/www.technocrea.fr\/index.php\/wp-json\/wp\/v2\/comments?post=6"}],"version-history":[{"count":4,"href":"https:\/\/www.technocrea.fr\/index.php\/wp-json\/wp\/v2\/pages\/6\/revisions"}],"predecessor-version":[{"id":105,"href":"https:\/\/www.technocrea.fr\/index.php\/wp-json\/wp\/v2\/pages\/6\/revisions\/105"}],"wp:attachment":[{"href":"https:\/\/www.technocrea.fr\/index.php\/wp-json\/wp\/v2\/media?parent=6"}],"curies":[{"name":"wp","href":"https:\/\/api.w.org\/{rel}","templated":true}]}}