{"id":2,"date":"2024-10-08T21:41:17","date_gmt":"2024-10-08T19:41:17","guid":{"rendered":"http:\/\/jbiumgs.cluster027.hosting.ovh.net\/?page_id=2"},"modified":"2025-03-19T11:08:37","modified_gmt":"2025-03-19T10:08:37","slug":"page-d-accueil","status":"publish","type":"page","link":"https:\/\/www.technocrea.fr\/","title":{"rendered":"Notre expertise"},"content":{"rendered":"\n<p class=\"has-text-align-center\">TechnoCr\u00e9a est un bureau d&rsquo;\u00e9tudes, bas\u00e9 en Loire-Atlantique, sp\u00e9cialis\u00e9 en ing\u00e9nierie \u00e9lectronique, m\u00e9canique et automatisme. Notre expertise couvre l&rsquo;ensemble du processus de d\u00e9veloppement produit, de la conception \u00e0 la fabrication de prototypes et de petites s\u00e9ries.<\/p>\n\n\n\n<div style=\"height:15px\" aria-hidden=\"true\" class=\"wp-block-spacer\"><\/div>\n\n\n\n<p class=\"has-text-align-center\">Nous vous accompagnons \u00e0 chaque \u00e9tapes de votre projet (r\u00e9daction d\u2019un cahier des charges, gestion de projet, d\u00e9veloppement &#8230; <\/p>\n\n\n\n<div style=\"height:20px\" aria-hidden=\"true\" class=\"wp-block-spacer\"><\/div>\n\n\n\n<div class=\"wp-block-buttons is-content-justification-center is-layout-flex wp-container-core-buttons-is-layout-a89b3969 wp-block-buttons-is-layout-flex\">\n<div class=\"wp-block-button is-style-outline is-style-outline--1\"><a class=\"wp-block-button__link has-contrast-color has-gradient-3-gradient-background has-text-color has-background has-link-color wp-element-button\" href=\"http:\/\/www.technocrea.fr\/index.php\/services\/\">Nos services<\/a><\/div>\n<\/div>\n\n\n\n<div class=\"wp-block-buttons is-content-justification-center is-layout-flex wp-container-core-buttons-is-layout-a89b3969 wp-block-buttons-is-layout-flex\">\n<div class=\"wp-block-button is-style-outline is-style-outline--2\"><a class=\"wp-block-button__link has-contrast-color has-gradient-3-gradient-background has-text-color has-background has-link-color wp-element-button\" href=\"http:\/\/www.technocrea.fr\/index.php\/contact\/\">Contactez-nous<\/a><\/div>\n<\/div>\n\n\n\n<div style=\"height:20px\" aria-hidden=\"true\" class=\"wp-block-spacer\"><\/div>\n\n\n\n<blockquote class=\"wp-block-quote is-layout-flow wp-block-quote-is-layout-flow\">\n<p class=\"has-text-align-center\">\u201cL&rsquo;innovation, c&rsquo;est une situation qu&rsquo;on choisit parce qu&rsquo;on a une passion br\u00fblante pour quelque chose.\u201d<\/p>\n\n\n\n<p class=\"has-text-align-center\">Steve Jobs<\/p>\n<\/blockquote>\n\n\n\n<div style=\"height:20px\" aria-hidden=\"true\" class=\"wp-block-spacer\"><\/div>\n\n\n\n<hr class=\"wp-block-separator has-alpha-channel-opacity\"\/>\n\n\n\n<h2 class=\"wp-block-heading has-text-align-center\">Ing\u00e9nierie multidisciplinaire<\/h2>\n\n\n\n<p class=\"has-text-align-center\">Nous concevons des solutions innovantes pour r\u00e9pondre aux d\u00e9fis technologiques les plus complexes de l&rsquo;industrie moderne.<\/p>\n\n\n\n<div style=\"height:23px\" aria-hidden=\"true\" class=\"wp-block-spacer\"><\/div>\n\n\n\n<div class=\"wp-block-columns alignwide is-layout-flex wp-container-core-columns-is-layout-28f84493 wp-block-columns-is-layout-flex\">\n<div class=\"wp-block-column is-layout-flow wp-block-column-is-layout-flow\">\n<figure class=\"wp-block-image aligncenter size-full is-resized\"><img loading=\"lazy\" decoding=\"async\" width=\"512\" height=\"512\" src=\"http:\/\/www.technocrea.fr\/wp-content\/uploads\/2024\/12\/puce-electronique-cuivre.png\" alt=\"\" class=\"wp-image-19\" style=\"width:75px\" srcset=\"https:\/\/www.technocrea.fr\/wp-content\/uploads\/2024\/12\/puce-electronique-cuivre.png 512w, https:\/\/www.technocrea.fr\/wp-content\/uploads\/2024\/12\/puce-electronique-cuivre-300x300.png 300w, https:\/\/www.technocrea.fr\/wp-content\/uploads\/2024\/12\/puce-electronique-cuivre-150x150.png 150w\" sizes=\"auto, (max-width: 512px) 100vw, 512px\" \/><\/figure>\n\n\n\n<p><strong>\u00c9lectronique<\/strong><\/p>\n\n\n\n<p class=\"has-text-align-left\">Conception de circuits<\/p>\n\n\n\n<p>D\u00e9veloppement de syst\u00e8mes embarqu\u00e9s, IoT<\/p>\n\n\n\n<p>Test et validation de composants \u00e9lectroniques<\/p>\n<\/div>\n\n\n\n<div class=\"wp-block-column is-layout-flow wp-block-column-is-layout-flow\">\n<figure class=\"wp-block-image aligncenter size-full is-resized\"><img loading=\"lazy\" decoding=\"async\" width=\"512\" height=\"512\" src=\"http:\/\/www.technocrea.fr\/wp-content\/uploads\/2024\/12\/bras-cuivre.png\" alt=\"\" class=\"wp-image-18\" style=\"width:75px\" srcset=\"https:\/\/www.technocrea.fr\/wp-content\/uploads\/2024\/12\/bras-cuivre.png 512w, https:\/\/www.technocrea.fr\/wp-content\/uploads\/2024\/12\/bras-cuivre-300x300.png 300w, https:\/\/www.technocrea.fr\/wp-content\/uploads\/2024\/12\/bras-cuivre-150x150.png 150w\" sizes=\"auto, (max-width: 512px) 100vw, 512px\" \/><\/figure>\n\n\n\n<p><strong>M\u00e9canique<\/strong><\/p>\n\n\n\n<p>Conception assist\u00e9e par ordinateur (CAO)<\/p>\n<\/div>\n\n\n\n<div class=\"wp-block-column is-layout-flow wp-block-column-is-layout-flow\">\n<figure class=\"wp-block-image aligncenter size-full is-resized\"><img loading=\"lazy\" decoding=\"async\" width=\"512\" height=\"512\" src=\"http:\/\/www.technocrea.fr\/wp-content\/uploads\/2024\/12\/apprentissage-automatique-cuivre.png\" alt=\"\" class=\"wp-image-17\" style=\"width:75px\" srcset=\"https:\/\/www.technocrea.fr\/wp-content\/uploads\/2024\/12\/apprentissage-automatique-cuivre.png 512w, https:\/\/www.technocrea.fr\/wp-content\/uploads\/2024\/12\/apprentissage-automatique-cuivre-300x300.png 300w, https:\/\/www.technocrea.fr\/wp-content\/uploads\/2024\/12\/apprentissage-automatique-cuivre-150x150.png 150w\" sizes=\"auto, (max-width: 512px) 100vw, 512px\" \/><\/figure>\n\n\n\n<p><strong>Automatisme<\/strong><\/p>\n\n\n\n<p class=\"has-text-align-left\">Programmation d&rsquo;automates industriels<\/p>\n\n\n\n<p>Conception de syst\u00e8mes de contr\u00f4le-commande<\/p>\n\n\n\n<p class=\"has-text-align-left\">D\u00e9veloppement d&rsquo;interfaces homme-machine (IHM)<\/p>\n<\/div>\n<\/div>\n\n\n\n<div style=\"height:15px\" aria-hidden=\"true\" class=\"wp-block-spacer\"><\/div>\n\n\n\n<div class=\"wp-block-buttons is-content-justification-center is-layout-flex wp-container-core-buttons-is-layout-a89b3969 wp-block-buttons-is-layout-flex\">\n<div class=\"wp-block-button is-style-outline is-style-outline--3\"><a class=\"wp-block-button__link has-contrast-color has-gradient-3-gradient-background has-text-color has-background has-link-color wp-element-button\" href=\"http:\/\/www.technocrea.fr\/index.php\/contact\/\">Contactez-nous<\/a><\/div>\n<\/div>\n\n\n\n<div style=\"height:15px\" aria-hidden=\"true\" class=\"wp-block-spacer\"><\/div>\n\n\n\n<hr class=\"wp-block-separator has-alpha-channel-opacity\"\/>\n\n\n\n<div style=\"height:20px\" aria-hidden=\"true\" class=\"wp-block-spacer\"><\/div>\n\n\n\n<h2 class=\"wp-block-heading has-text-align-center\">R\u00e9alisations<\/h2>\n\n\n\n<div style=\"height:20px\" aria-hidden=\"true\" class=\"wp-block-spacer\"><\/div>\n\n\n\n<ul class=\"wp-block-list\">\n<li>D\u00e9veloppement de carte \u00e9lectronique pour remplacer le \u00ab\u00a0c\u00e2blage artisanal\u00a0\u00bb afin d&rsquo;augmenter la qualit\u00e9, la fiabilit\u00e9 et am\u00e9liorer l&rsquo;image de la soci\u00e9t\u00e9<\/li>\n\n\n\n<li>D\u00e9veloppement d&rsquo;un syst\u00e8me de d\u00e9tection innovant \u00e0 base de lidar rotatif<\/li>\n\n\n\n<li>Accompagnement \u00e0 l&rsquo;innovation sur un syst\u00e8me de d\u00e9tection \u00e0 base de multi-capteur TOF<\/li>\n\n\n\n<li>R\u00e9alisation d&rsquo;une bonbonni\u00e8re montable\/d\u00e9montable sans outil pour une association<\/li>\n\n\n\n<li>Accompagnement \u00e0 la certification<\/li>\n\n\n\n<li>Mise \u00e0 jour de carte \u00e9lectronique<\/li>\n<\/ul>\n\n\n\n<div style=\"height:20px\" aria-hidden=\"true\" class=\"wp-block-spacer\"><\/div>\n\n\n\n<figure class=\"wp-block-gallery has-nested-images columns-3 is-cropped wp-block-gallery-7 is-layout-flex wp-block-gallery-is-layout-flex\">\n<figure class=\"wp-block-image size-large is-style-rounded is-style-rounded--6\"><img loading=\"lazy\" decoding=\"async\" width=\"766\" height=\"1024\" data-id=\"27\" src=\"http:\/\/www.technocrea.fr\/wp-content\/uploads\/2024\/12\/auto_coffret_site-766x1024.jpg\" alt=\"\" class=\"wp-image-27\" srcset=\"https:\/\/www.technocrea.fr\/wp-content\/uploads\/2024\/12\/auto_coffret_site-766x1024.jpg 766w, https:\/\/www.technocrea.fr\/wp-content\/uploads\/2024\/12\/auto_coffret_site-225x300.jpg 225w, https:\/\/www.technocrea.fr\/wp-content\/uploads\/2024\/12\/auto_coffret_site-768x1026.jpg 768w, https:\/\/www.technocrea.fr\/wp-content\/uploads\/2024\/12\/auto_coffret_site.jpg 800w\" sizes=\"auto, (max-width: 766px) 100vw, 766px\" \/><figcaption class=\"wp-element-caption\">Conception et r\u00e9alisation d&rsquo;un coffret automate<\/figcaption><\/figure>\n\n\n\n<figure class=\"wp-block-image size-full is-style-rounded is-style-rounded--4\"><img loading=\"lazy\" decoding=\"async\" width=\"600\" height=\"801\" data-id=\"28\" src=\"http:\/\/www.technocrea.fr\/wp-content\/uploads\/2024\/12\/elec_indus_site.jpg\" alt=\"\" class=\"wp-image-28\" srcset=\"https:\/\/www.technocrea.fr\/wp-content\/uploads\/2024\/12\/elec_indus_site.jpg 600w, https:\/\/www.technocrea.fr\/wp-content\/uploads\/2024\/12\/elec_indus_site-225x300.jpg 225w\" sizes=\"auto, (max-width: 600px) 100vw, 600px\" \/><figcaption class=\"wp-element-caption\">De la conception \u00e0 l&rsquo;industrialisation<\/figcaption><\/figure>\n\n\n\n<figure class=\"wp-block-image size-full is-style-rounded is-style-rounded--5\"><img loading=\"lazy\" decoding=\"async\" width=\"991\" height=\"789\" data-id=\"26\" src=\"http:\/\/www.technocrea.fr\/wp-content\/uploads\/2024\/12\/meca_concepreal.png\" alt=\"\" class=\"wp-image-26\" srcset=\"https:\/\/www.technocrea.fr\/wp-content\/uploads\/2024\/12\/meca_concepreal.png 991w, https:\/\/www.technocrea.fr\/wp-content\/uploads\/2024\/12\/meca_concepreal-300x239.png 300w, https:\/\/www.technocrea.fr\/wp-content\/uploads\/2024\/12\/meca_concepreal-768x611.png 768w\" sizes=\"auto, (max-width: 991px) 100vw, 991px\" \/><figcaption class=\"wp-element-caption\">Conception &amp; r\u00e9alisation d&rsquo;un m\u00e9canisme de bonbonni\u00e8re<\/figcaption><\/figure>\n<\/figure>\n\n\n\n<div class=\"wp-block-buttons is-content-justification-center is-layout-flex wp-container-core-buttons-is-layout-a89b3969 wp-block-buttons-is-layout-flex\">\n<div class=\"wp-block-button is-style-outline is-style-outline--8\"><a class=\"wp-block-button__link has-contrast-color has-gradient-3-gradient-background has-text-color has-background has-link-color wp-element-button\" href=\"http:\/\/www.technocrea.fr\/index.php\/services\/\">Nos services<\/a><\/div>\n\n\n\n<div class=\"wp-block-button is-style-outline is-style-outline--9\"><a class=\"wp-block-button__link has-contrast-color has-gradient-3-gradient-background has-text-color has-background has-link-color wp-element-button\" href=\"http:\/\/www.technocrea.fr\/index.php\/contact\/\">Contactez-nous<\/a><\/div>\n<\/div>\n\n\n\n<div style=\"height:20px\" aria-hidden=\"true\" class=\"wp-block-spacer\"><\/div>\n\n\n\n<hr class=\"wp-block-separator has-alpha-channel-opacity\"\/>\n\n\n\n<div style=\"height:20px\" aria-hidden=\"true\" class=\"wp-block-spacer\"><\/div>\n\n\n\n<h2 class=\"wp-block-heading has-text-align-center\">Du concept \u00e0 la r\u00e9alit\u00e9<\/h2>\n\n\n\n<div style=\"height:20px\" aria-hidden=\"true\" class=\"wp-block-spacer\"><\/div>\n\n\n\n<p class=\"has-text-align-center\">Technocr\u00e9a vous accompagne sur le d\u00e9roul\u00e9 complet de vos projets mais peut \u00e9galement r\u00e9aliser chaque \u00e9tape individuellement pour s&rsquo;adapter \u00e0 vos besoins .<\/p>\n\n\n\n<figure class=\"wp-block-image aligncenter size-full\"><img loading=\"lazy\" decoding=\"async\" width=\"572\" height=\"800\" src=\"http:\/\/www.technocrea.fr\/wp-content\/uploads\/2024\/12\/ACCOMPAGNEMENT-redim.png\" alt=\"\" class=\"wp-image-44\" srcset=\"https:\/\/www.technocrea.fr\/wp-content\/uploads\/2024\/12\/ACCOMPAGNEMENT-redim.png 572w, https:\/\/www.technocrea.fr\/wp-content\/uploads\/2024\/12\/ACCOMPAGNEMENT-redim-215x300.png 215w\" sizes=\"auto, (max-width: 572px) 100vw, 572px\" \/><\/figure>\n\n\n\n<div style=\"height:20px\" aria-hidden=\"true\" class=\"wp-block-spacer\"><\/div>\n\n\n\n<div class=\"wp-block-buttons is-content-justification-center is-layout-flex wp-container-core-buttons-is-layout-a89b3969 wp-block-buttons-is-layout-flex\">\n<div class=\"wp-block-button is-style-outline is-style-outline--10\"><a class=\"wp-block-button__link has-contrast-color has-gradient-3-gradient-background has-text-color has-background has-link-color wp-element-button\" href=\"http:\/\/www.technocrea.fr\/index.php\/contact\/\">Contactez-nous<\/a><\/div>\n<\/div>\n\n\n\n<div style=\"height:20px\" aria-hidden=\"true\" class=\"wp-block-spacer\"><\/div>\n\n\n\n<blockquote class=\"wp-block-quote has-text-align-center is-layout-flow wp-block-quote-is-layout-flow\">\n<p><em>\u00ab&nbsp;Une personne qui n\u2019a jamais commis d\u2019erreurs n\u2019a jamais tent\u00e9 d\u2019innover.&nbsp;\u00bb <\/em><\/p>\n\n\n\n<p><em>Albert Einstein<\/em><\/p>\n<\/blockquote>\n\n\n\n<p><\/p>\n","protected":false},"excerpt":{"rendered":"<p>TechnoCr\u00e9a est un bureau d&rsquo;\u00e9tudes, bas\u00e9 en Loire-Atlantique, sp\u00e9cialis\u00e9 en ing\u00e9nierie \u00e9lectronique, m\u00e9canique et automatisme. Notre expertise couvre l&rsquo;ensemble du processus de d\u00e9veloppement produit, de la conception \u00e0 la fabrication de prototypes et de petites s\u00e9ries. Nous vous accompagnons \u00e0 chaque \u00e9tapes de votre projet (r\u00e9daction d\u2019un cahier des charges, gestion de projet, d\u00e9veloppement &#8230; [&hellip;]<\/p>\n","protected":false},"author":1,"featured_media":0,"parent":0,"menu_order":0,"comment_status":"closed","ping_status":"closed","template":"","meta":{"footnotes":""},"class_list":["post-2","page","type-page","status-publish","hentry"],"_links":{"self":[{"href":"https:\/\/www.technocrea.fr\/index.php\/wp-json\/wp\/v2\/pages\/2","targetHints":{"allow":["GET"]}}],"collection":[{"href":"https:\/\/www.technocrea.fr\/index.php\/wp-json\/wp\/v2\/pages"}],"about":[{"href":"https:\/\/www.technocrea.fr\/index.php\/wp-json\/wp\/v2\/types\/page"}],"author":[{"embeddable":true,"href":"https:\/\/www.technocrea.fr\/index.php\/wp-json\/wp\/v2\/users\/1"}],"replies":[{"embeddable":true,"href":"https:\/\/www.technocrea.fr\/index.php\/wp-json\/wp\/v2\/comments?post=2"}],"version-history":[{"count":7,"href":"https:\/\/www.technocrea.fr\/index.php\/wp-json\/wp\/v2\/pages\/2\/revisions"}],"predecessor-version":[{"id":130,"href":"https:\/\/www.technocrea.fr\/index.php\/wp-json\/wp\/v2\/pages\/2\/revisions\/130"}],"wp:attachment":[{"href":"https:\/\/www.technocrea.fr\/index.php\/wp-json\/wp\/v2\/media?parent=2"}],"curies":[{"name":"wp","href":"https:\/\/api.w.org\/{rel}","templated":true}]}}